{"id":81,"date":"2016-03-18T02:11:16","date_gmt":"2016-03-18T02:11:16","guid":{"rendered":"http:\/\/www.socialbusinessamontreal.com\/?page_id=81"},"modified":"2026-03-23T15:07:34","modified_gmt":"2026-03-23T15:07:34","slug":"3minmax","status":"publish","type":"page","link":"https:\/\/www.socialbusinessamontreal.com\/fr\/3minmax\/","title":{"rendered":"3MINMAX"},"content":{"rendered":"<p>3MINMAX est une campagne de Social Business \u00e0 Montr\u00e9al pour sensibiliser les citoyens de notre ville sur les changements climatiques.\u00a0Nous recommandons aux conducteurs de couper le moteur de leur v\u00e9hicule stationn\u00e9 et de limiter le\u00a0pr\u00e9chauffage de la voiture \u00e0 3 minutes afin de r\u00e9duire les \u00e9missions de dioxyde de carbone.<\/p>\n<p>Saviez-vous qu\u2019une voiture stationn\u00e9e avec le moteur en marche \u00e9met une livre de dioxyde de carbone \u00e0 chaque 10 minutes. Et plus la voiture est grosse, plus le chiffre se multiplie par deux, trois fois\u2026<\/p>\n<p>Depuis f\u00e9vrier 2016, nous sommes parvenus \u00e0 renseigner 2,500 chauffeurs. Plus de 800 d\u2019entre eux ont coup\u00e9 le moteur de leur voiture stationn\u00e9e. Maintenant, nous avons besoin de votre soutien financier afin de pouvoir poursuivre nos activit\u00e9s de sensibilisation.<\/p>\n<p>Ainsi, nous d\u00e9montrons qu\u2019un impact social r\u00e9el est r\u00e9alis\u00e9!<\/p>\n<p>1.25$= 1 chauffeur renseign\u00e9!<\/p>\n<p>3.75$= 1 moteur d\u2019une voiture stationn\u00e9e coup\u00e9!<\/p>\n<p>Nous voulons \u00e9tablir une relation de confiance avec vous et nous pouvons vous assurer que votre contribution sera 100% destin\u00e9e \u00e0 notre campagne 3MINMAX! afin de sensibiliser sur les changements climatiques.<\/p>\n<p>Seulement \u00e0 Rivi\u00e8re-des-Prairies il y a 42,440 m\u00e9nages. Avec une moyenne de 1.5 v\u00e9hicules para m\u00e9nage, \u00e7a veut dire 63,630 v\u00e9hicules. Si seulement la moiti\u00e9 respectait la r\u00e8glementation de 3 minutes maximum pour le moteur au ralenti pendans les mois plus froids, on estime qu&#8217;on aurait 13,744,032 livres de dioxyde de carbone de moins dans notre air!<\/p>\n<p>Et souvenez-vous que chaque voiture th\u00e9rmique (\u00e0 gas) de moins sur la route contribue \u00e0 \u00a04 000 kg de dioxyde de carbone de r\u00e9duction des \u00e9missions par ann\u00e9e! Une montagne de pollution.<\/p>\n<p>&nbsp;<\/p>\n<p>APPELLEZ-NOUS au 514 560 2524 ou CONTACTEZ-NOUS info@sociabusinessamontreal.com<\/p>\n<p>https:\/\/www.youtube.com\/watch?v=neAOVOsfPbc<\/p>","protected":false},"excerpt":{"rendered":"<p>3MINMAX est une campagne de Social Business \u00e0 Montr\u00e9al pour sensibiliser les citoyens de notre ville sur les changements climatiques.\u00a0Nous recommandons aux conducteurs de couper le moteur de leur v\u00e9hicule stationn\u00e9 et de limiter le\u00a0pr\u00e9chauffage de la voiture \u00e0 3 minutes afin de r\u00e9duire les \u00e9missions de dioxyde de carbone. Saviez-vous qu\u2019une voiture stationn\u00e9e avec [&hellip;]<\/p>\n","protected":false},"author":1,"featured_media":0,"parent":0,"menu_order":0,"comment_status":"closed","ping_status":"closed","template":"","meta":{"nf_dc_page":"","footnotes":""},"class_list":["post-81","page","type-page","status-publish","czr-hentry"],"jetpack_sharing_enabled":true,"_links":{"self":[{"href":"https:\/\/www.socialbusinessamontreal.com\/fr\/wp-json\/wp\/v2\/pages\/81","targetHints":{"allow":["GET"]}}],"collection":[{"href":"https:\/\/www.socialbusinessamontreal.com\/fr\/wp-json\/wp\/v2\/pages"}],"about":[{"href":"https:\/\/www.socialbusinessamontreal.com\/fr\/wp-json\/wp\/v2\/types\/page"}],"author":[{"embeddable":true,"href":"https:\/\/www.socialbusinessamontreal.com\/fr\/wp-json\/wp\/v2\/users\/1"}],"replies":[{"embeddable":true,"href":"https:\/\/www.socialbusinessamontreal.com\/fr\/wp-json\/wp\/v2\/comments?post=81"}],"version-history":[{"count":19,"href":"https:\/\/www.socialbusinessamontreal.com\/fr\/wp-json\/wp\/v2\/pages\/81\/revisions"}],"predecessor-version":[{"id":248,"href":"https:\/\/www.socialbusinessamontreal.com\/fr\/wp-json\/wp\/v2\/pages\/81\/revisions\/248"}],"wp:attachment":[{"href":"https:\/\/www.socialbusinessamontreal.com\/fr\/wp-json\/wp\/v2\/media?parent=81"}],"curies":[{"name":"wp","href":"https:\/\/api.w.org\/{rel}","templated":true}]}}