{"id":8,"date":"2015-04-20T02:28:13","date_gmt":"2015-04-20T02:28:13","guid":{"rendered":"http:\/\/www.socialbusinessamontreal.com\/?page_id=8"},"modified":"2025-02-25T22:29:17","modified_gmt":"2025-02-25T22:29:17","slug":"about-us","status":"publish","type":"page","link":"https:\/\/www.socialbusinessamontreal.com\/fr\/about-us\/","title":{"rendered":"Qui sommes-nous ?"},"content":{"rendered":"<p>Fernando Ruiz\u00a0 est un enseignant d\u2019espagnol et le fondateur du Cours d\u2019espagnol por favor. Il a obtenu une licence en Droit (Universidad Aut\u00f3noma de Madrid) et poss\u00e8de une grande exp\u00e9rience\u00a0 dans le secteur de l\u2019\u00e9nseignement des langues \u00e9trang\u00e8res. Il a \u00e9galement travaill\u00e9 dans le secteur des \u00a0banques commerciales et est un passionn\u00e9 de l\u2019entreprise sociale.<\/p>\n<p>&nbsp;<\/p>\n<p>&nbsp;<\/p>\n<p>&nbsp;<\/p>","protected":false},"excerpt":{"rendered":"<p>Fernando Ruiz\u00a0 est un enseignant d\u2019espagnol et le fondateur du Cours d\u2019espagnol por favor. Il a obtenu une licence en Droit (Universidad Aut\u00f3noma de Madrid) et poss\u00e8de une grande exp\u00e9rience\u00a0 dans le secteur de l\u2019\u00e9nseignement des langues \u00e9trang\u00e8res. Il a \u00e9galement travaill\u00e9 dans le secteur des \u00a0banques commerciales et est un passionn\u00e9 de l\u2019entreprise sociale. [&hellip;]<\/p>\n","protected":false},"author":1,"featured_media":26,"parent":0,"menu_order":0,"comment_status":"open","ping_status":"open","template":"","meta":{"nf_dc_page":"","footnotes":""},"class_list":["post-8","page","type-page","status-publish","has-post-thumbnail","czr-hentry"],"jetpack_sharing_enabled":true,"_links":{"self":[{"href":"https:\/\/www.socialbusinessamontreal.com\/fr\/wp-json\/wp\/v2\/pages\/8","targetHints":{"allow":["GET"]}}],"collection":[{"href":"https:\/\/www.socialbusinessamontreal.com\/fr\/wp-json\/wp\/v2\/pages"}],"about":[{"href":"https:\/\/www.socialbusinessamontreal.com\/fr\/wp-json\/wp\/v2\/types\/page"}],"author":[{"embeddable":true,"href":"https:\/\/www.socialbusinessamontreal.com\/fr\/wp-json\/wp\/v2\/users\/1"}],"replies":[{"embeddable":true,"href":"https:\/\/www.socialbusinessamontreal.com\/fr\/wp-json\/wp\/v2\/comments?post=8"}],"version-history":[{"count":26,"href":"https:\/\/www.socialbusinessamontreal.com\/fr\/wp-json\/wp\/v2\/pages\/8\/revisions"}],"predecessor-version":[{"id":244,"href":"https:\/\/www.socialbusinessamontreal.com\/fr\/wp-json\/wp\/v2\/pages\/8\/revisions\/244"}],"wp:featuredmedia":[{"embeddable":true,"href":"https:\/\/www.socialbusinessamontreal.com\/fr\/wp-json\/wp\/v2\/media\/26"}],"wp:attachment":[{"href":"https:\/\/www.socialbusinessamontreal.com\/fr\/wp-json\/wp\/v2\/media?parent=8"}],"curies":[{"name":"wp","href":"https:\/\/api.w.org\/{rel}","templated":true}]}}