{"id":68,"date":"2015-10-24T03:16:34","date_gmt":"2015-10-24T03:16:34","guid":{"rendered":"http:\/\/www.socialbusinessamontreal.com\/?page_id=68"},"modified":"2026-03-23T15:17:11","modified_gmt":"2026-03-23T15:17:11","slug":"program-for-schools","status":"publish","type":"page","link":"https:\/\/www.socialbusinessamontreal.com\/fr\/program-for-schools\/","title":{"rendered":"Quelques solutions"},"content":{"rendered":"<p>Le <strong>transport<\/strong> est responsable du 30% de toutes les \u00e9missions. Le secteur du transport au Canada \u00e9met 4 fois plus d&#8217;\u00e9missions que la moyenne des pays du G20, selon un \u00e9tude r\u00e9cent du Climate Transparency. org. C&#8217;est l&#8217;heure donc d\u2019adapter les camions et le transport routier aux nouvelles sources d\u2019\u00e9nergie durable, soit le solaire, et la propulsion \u00e9lectrique.<\/p>\n<p><strong>Les \u00e9missions globales de CO2<\/strong> ont chut\u00e9 plus de 2.5 bn tonnes en 2020 pendant la pand\u00e9mie, soit le 7% globalement. Le chiffre doit continuer aussi durant 2021 pour atteindre les objectifs de L&#8217;accord de Paris. Au Qu\u00e9bec les industries du ciment, l&#8217;aluminium et les raffineries sont les plus grands et ceux qui doivent r\u00e9duire leurs \u00e9missions bient\u00f4t.<\/p>\n<p>En ce qui concerne les <strong>v\u00e9hicules \u00e9lectriques<\/strong>, la demande est en hausse et la croissance exponentielle, avec des \u00a0prix toujours \u00a0plus bas alors que l\u2019autonomie des voitures va en augmentation :\u00a0 400 km pour la plupart de v\u00e9hicules neufs. \u00a0Les chiffres en ce qui concerne l\u2019\u00e9pargne \u00a0sont d\u2019environ 2 000$ de moins d\u2019essence par ann\u00e9e, sans tenir compte de\u00a0 l\u2019entretien et des r\u00e9parations (un autre $ 400 \u00e0 $500 d\u2019\u00e9conomies). Les subventions du gouvernement provincial ont \u00e9t\u00e9 r\u00e9duits mais continuent et celle-ci du gouvernement f\u00e9d\u00e9ral est revenu de nouveau.\u00a0 Et chaque voiture de moins sur la route contribue \u00e0 \u00a04 000 kg de dioxyde de carbone de r\u00e9duction des \u00e9missions par ann\u00e9e!<\/p>\n<p>Pour ce qui est des <strong>pesticides<\/strong>, il y a eu un d\u00e9bat important au Qu\u00e9bec sur le besoin d\u2019interdire leur utilisation. Les \u00e9tudes scientifiques \u00a0pass\u00e9es \u00a0ont d\u00e9montr\u00e9 le manque d\u2019impartialit\u00e9 de l\u2019industrie en la mati\u00e8re. \u00a0L\u2019Union Europ\u00e9enne a ajout\u00e9 des restrictions au renouvellement de la licence du pesticide \u00a0&#8220;Roundup&#8220; \u00a0de Monsanto avec l\u2019appui de plus de un million de signatures de citoyens.\u00a0 Les alternatives biologiques semblent gagner plus d\u2019adeptes chaque jour et des initiatives comme celle de Jean-Martin Fortier (mara\u00eecher qui a d\u00e9velopp\u00e9 une expertise\u00a0 avec\u00a0 le concept de micro-ferme et il\u00a0 a appliqu\u00e9\u00a0 la culture bio-intensive en petite surface) d\u00e9montrent la profitabilit\u00e9 de petits exploitations agricoles sans l\u2019utilisation de pesticides!<\/p>\n<p>De nouveaux initiatives comme le \u00ab\u00a0<strong>Pacte pour la Transition<\/strong> \u00bb, sign\u00e9 pour plus de 285 000 personnes montrent bien l\u2019importance de l\u2019enjeu au Qu\u00e9bec. Il s\u2019agit d\u2019un engagement individuel des citoyennes pour r\u00e9duire l\u2019empreinte \u00e9cologique et aussi de faire pression aux gouvernements et institutions afin d\u2019avoir l\u2019environnement comme une priorit\u00e9 et accomplir les objectifs adopt\u00e9s dans l\u2019Accord de Paris 2015.<\/p>\n<p>En concernant le<strong> transport par avion<\/strong>, nous savons l\u2019\u00e9norme impact en \u00e9missions de nos d\u00e9placements et ainsi devenir plus conscients comme usagers dans l\u2019avenir. Selon l\u2019OACI, un passager en classe touriste produit 90 kg de CO2 par heure de vol. Donc il sera facile de calculer nos \u00e9missions et prendre de la responsabilit\u00e9 par cons\u00e9quent.<\/p>\n<p>Blackrock investments, qui gestionne plus de 8 000 milliard de dollars en investissements vient d&#8217;annoncer sa nouvelle politique en <strong>limitant ses actifs en l&#8217;industrie fossile<\/strong>, comme on fait d\u00e9j\u00e0 beaucoup d&#8217;universit\u00e9s,gouvernements et institutions.<\/p>\n<p>Si vous avez besoin de plus d\u2019information, il nous fera plaisir de parler avec vous !<\/p>\n<p>APPELEZ-NOUS au 514 560 2524 ou CONTACTEZ-NOUS info@socialbusinessamontreal.com<\/p>","protected":false},"excerpt":{"rendered":"<p>Le transport est responsable du 30% de toutes les \u00e9missions. Le secteur du transport au Canada \u00e9met 4 fois plus d&#8217;\u00e9missions que la moyenne des pays du G20, selon un \u00e9tude r\u00e9cent du Climate Transparency. org. C&#8217;est l&#8217;heure donc d\u2019adapter les camions et le transport routier aux nouvelles sources d\u2019\u00e9nergie durable, soit le solaire, et [&hellip;]<\/p>\n","protected":false},"author":2,"featured_media":71,"parent":0,"menu_order":0,"comment_status":"closed","ping_status":"closed","template":"","meta":{"nf_dc_page":"","footnotes":""},"class_list":["post-68","page","type-page","status-publish","has-post-thumbnail","czr-hentry"],"jetpack_sharing_enabled":true,"_links":{"self":[{"href":"https:\/\/www.socialbusinessamontreal.com\/fr\/wp-json\/wp\/v2\/pages\/68","targetHints":{"allow":["GET"]}}],"collection":[{"href":"https:\/\/www.socialbusinessamontreal.com\/fr\/wp-json\/wp\/v2\/pages"}],"about":[{"href":"https:\/\/www.socialbusinessamontreal.com\/fr\/wp-json\/wp\/v2\/types\/page"}],"author":[{"embeddable":true,"href":"https:\/\/www.socialbusinessamontreal.com\/fr\/wp-json\/wp\/v2\/users\/2"}],"replies":[{"embeddable":true,"href":"https:\/\/www.socialbusinessamontreal.com\/fr\/wp-json\/wp\/v2\/comments?post=68"}],"version-history":[{"count":28,"href":"https:\/\/www.socialbusinessamontreal.com\/fr\/wp-json\/wp\/v2\/pages\/68\/revisions"}],"predecessor-version":[{"id":249,"href":"https:\/\/www.socialbusinessamontreal.com\/fr\/wp-json\/wp\/v2\/pages\/68\/revisions\/249"}],"wp:featuredmedia":[{"embeddable":true,"href":"https:\/\/www.socialbusinessamontreal.com\/fr\/wp-json\/wp\/v2\/media\/71"}],"wp:attachment":[{"href":"https:\/\/www.socialbusinessamontreal.com\/fr\/wp-json\/wp\/v2\/media?parent=68"}],"curies":[{"name":"wp","href":"https:\/\/api.w.org\/{rel}","templated":true}]}}