{"id":23,"date":"2015-04-27T04:47:48","date_gmt":"2015-04-27T04:47:48","guid":{"rendered":"http:\/\/www.socialbusinessamontreal.com\/?page_id=23"},"modified":"2026-03-23T15:23:25","modified_gmt":"2026-03-23T15:23:25","slug":"why","status":"publish","type":"page","link":"https:\/\/www.socialbusinessamontreal.com\/fr\/why\/","title":{"rendered":"Pourquoi ?"},"content":{"rendered":"<p>En particulier avec la crise internationale d\u00e8s l&#8217;invasion d&#8217;Ukraine, la guerre contra l&#8217;Iran et la confusion provoqu\u00e9e par la nouvelle administration des \u00c9tats-Unis , le temps est venu d&#8217;\u00eatre honn\u00eate et dire la v\u00e9rit\u00e9 en public et en priv\u00e9. Et respecter les autres, plus que jamais. On doit s&#8217;aligner vers l&#8217;atteinte des Objectifs de D\u00e9veloppement Durable. Si chacun fait sa part des choses, on peut r\u00e9soudre les probl\u00e8mes sociaux. L&#8217;environnement est notre premi\u00e8re motivation d&#8217;agir dans le but de sensibiliser contre les changements climatiques.<\/p>\n<p><strong>Les solutions se trouvent-elles uniquement dans les entreprises sociales ?<\/strong><br \/>\nPas exclusivement! Les personnes ont un r\u00f4le important \u00e0 jouer. La plupart des entreprises sociales ont commenc\u00e9 avec des citoyens engag\u00e9s qui avaient r\u00e9alis\u00e9 l&#8217;existence d&#8217;un probl\u00e8me social et tentaient de le r\u00e9soudre. Aujourd&#8217;hui est important de travailler pour l&#8217;ordre international, \u00e0 la vue des r\u00e9unions entre la Russie et les \u00c9tats-Unis sans compter avec l&#8217;Ukraine et l&#8217;Europe.<\/p>\n<p>Q<strong>ue puis-je faire comme citoyen ?<\/strong><br \/>\nChoisissez un objectif de d\u00e9veloppement durable qui vous tient \u00e0 coeur et commencez \u00e0 agir! Vous pouvez joindre un organisme \u00e0 but non lucratif ou un organisme non gouvernemental. Une activit\u00e9 non \u00e9conomique pourrait bien \u00eatre le d\u00e9but. Par exemple, commencer une campagne de sensibilisation ou tout simplement aider quelqu&#8217;un qui en a besoin. D\u00e9noncer les ataques contre la d\u00e9mocratie et l&#8217;ind\u00e9pendance des Tribunaux est une autre mani\u00e8re.<\/p>\n<p><strong>Quoi faire si j&#8217;ai une id\u00e9e d&#8217;entreprise sociale ?<\/strong><br \/>\nSi jamais vous avez une id\u00e9e de projet, qu&#8217;il soit \u00e0 but lucratif ou non, il y a plusieurs organismes qui attendent\u00a0impatiemment de\u00a0vous aider avec votre plan d&#8217;affaire. Par rapport \u00e0 votre structure juridique, il y a des diff\u00e9rences d&#8217;ordre l\u00e9gal et un traitement fiscal propre \u00e0 chacun. Par exemple, certains organismes de bienfaisance peuvent recevoir des dons qui entrainent des d\u00e9ductions d&#8217;imp\u00f4ts aux donateurs.<\/p>\n<p>Gardez toujours en t\u00eate le probl\u00e8me social et ses\u00a0b\u00e9n\u00e9ficiaires. Votre projet doit devenir financi\u00e8rement soutenable, mais l&#8217;objectif social est la cl\u00e9.<\/p>\n<p>&nbsp;<\/p>\n<p>&nbsp;<\/p>\n<p>APPELEZ-NOUS au 514 560 2524 ou COMMUNIQUEZ AVEC NOUS<\/p>\n<p>info@socialbusinessamontreal.com<\/p>\n<p>&nbsp;<\/p>\n<p>&nbsp;<\/p>\n<p>&nbsp;<\/p>\n<p>&nbsp;<\/p>\n<p>&nbsp;<\/p>\n<p>&nbsp;<\/p>\n<p>&nbsp;<\/p>","protected":false},"excerpt":{"rendered":"<p>En particulier avec la crise internationale d\u00e8s l&#8217;invasion d&#8217;Ukraine, la guerre contra l&#8217;Iran et la confusion provoqu\u00e9e par la nouvelle administration des \u00c9tats-Unis , le temps est venu d&#8217;\u00eatre honn\u00eate et dire la v\u00e9rit\u00e9 en public et en priv\u00e9. Et respecter les autres, plus que jamais. On doit s&#8217;aligner vers l&#8217;atteinte des Objectifs de D\u00e9veloppement [&hellip;]<\/p>\n","protected":false},"author":1,"featured_media":39,"parent":0,"menu_order":0,"comment_status":"open","ping_status":"open","template":"","meta":{"nf_dc_page":"","footnotes":""},"class_list":["post-23","page","type-page","status-publish","has-post-thumbnail","czr-hentry"],"jetpack_sharing_enabled":true,"_links":{"self":[{"href":"https:\/\/www.socialbusinessamontreal.com\/fr\/wp-json\/wp\/v2\/pages\/23","targetHints":{"allow":["GET"]}}],"collection":[{"href":"https:\/\/www.socialbusinessamontreal.com\/fr\/wp-json\/wp\/v2\/pages"}],"about":[{"href":"https:\/\/www.socialbusinessamontreal.com\/fr\/wp-json\/wp\/v2\/types\/page"}],"author":[{"embeddable":true,"href":"https:\/\/www.socialbusinessamontreal.com\/fr\/wp-json\/wp\/v2\/users\/1"}],"replies":[{"embeddable":true,"href":"https:\/\/www.socialbusinessamontreal.com\/fr\/wp-json\/wp\/v2\/comments?post=23"}],"version-history":[{"count":28,"href":"https:\/\/www.socialbusinessamontreal.com\/fr\/wp-json\/wp\/v2\/pages\/23\/revisions"}],"predecessor-version":[{"id":250,"href":"https:\/\/www.socialbusinessamontreal.com\/fr\/wp-json\/wp\/v2\/pages\/23\/revisions\/250"}],"wp:featuredmedia":[{"embeddable":true,"href":"https:\/\/www.socialbusinessamontreal.com\/fr\/wp-json\/wp\/v2\/media\/39"}],"wp:attachment":[{"href":"https:\/\/www.socialbusinessamontreal.com\/fr\/wp-json\/wp\/v2\/media?parent=23"}],"curies":[{"name":"wp","href":"https:\/\/api.w.org\/{rel}","templated":true}]}}