{"id":2,"date":"2015-04-19T02:06:54","date_gmt":"2015-04-19T02:06:54","guid":{"rendered":"http:\/\/www.socialbusinessamontreal.com\/?page_id=2"},"modified":"2025-02-25T23:21:13","modified_gmt":"2025-02-25T23:21:13","slug":"what-we-do","status":"publish","type":"page","link":"https:\/\/www.socialbusinessamontreal.com\/fr\/what-we-do\/","title":{"rendered":"Ce que nous faisons"},"content":{"rendered":"<p><\/p>\n<ul>\n<li>Mettre en marche un Plan de Responsabilit\u00e9 Sociale pour les entreprises en favorisant la soutenabilit\u00e9 de ses activit\u00e9s<\/li>\n<li>Responsabilit\u00e9 environnementale pour \u00eatre conscients des \u00e9missions de nos v\u00e9hicules \u00e0 essence et adopter un plan pour la transition \u00e9nergetique des entreprises<\/li>\n<li>Responsabilit\u00e9 sociale pour s&#8217;impliquer dans diff\u00e9rents projets locaux afin de favoriser la coh\u00e9sion sociale<\/li>\n<li>Responsabilit\u00e9 pour cr\u00e9er des entreprises respectueuses de ses clients, ses employ\u00e9s et notre collectivit\u00e9.<\/li>\n<li>Promotion des Objectifs de D\u00e9veloppement Durable \u00a0de l&#8217;ONU dans le centre de nos activit\u00e9s<\/li>\n<li>Promotion de l&#8217;ordre international selon la carte des Nations Unis et promouvoir les principes basiques de convivence: le respet, l&#8217;honnet\u00eate et la v\u00e9rit\u00e9.<\/li>\n<li><\/li>\n<\/ul>\n<p>APPELEZ-NOUS au 514 560 2524 ou CONTACTEZ-NOUS info@socialbusinessamontreal.com<\/p>","protected":false},"excerpt":{"rendered":"<p>Mettre en marche un Plan de Responsabilit\u00e9 Sociale pour les entreprises en favorisant la soutenabilit\u00e9 de ses activit\u00e9s Responsabilit\u00e9 environnementale pour \u00eatre conscients des \u00e9missions de nos v\u00e9hicules \u00e0 essence et adopter un plan pour la transition \u00e9nergetique des entreprises Responsabilit\u00e9 sociale pour s&#8217;impliquer dans diff\u00e9rents projets locaux afin de favoriser la coh\u00e9sion sociale Responsabilit\u00e9 [&hellip;]<\/p>\n","protected":false},"author":1,"featured_media":37,"parent":0,"menu_order":0,"comment_status":"open","ping_status":"open","template":"","meta":{"nf_dc_page":"","footnotes":""},"class_list":["post-2","page","type-page","status-publish","has-post-thumbnail","czr-hentry"],"jetpack_sharing_enabled":true,"_links":{"self":[{"href":"https:\/\/www.socialbusinessamontreal.com\/fr\/wp-json\/wp\/v2\/pages\/2","targetHints":{"allow":["GET"]}}],"collection":[{"href":"https:\/\/www.socialbusinessamontreal.com\/fr\/wp-json\/wp\/v2\/pages"}],"about":[{"href":"https:\/\/www.socialbusinessamontreal.com\/fr\/wp-json\/wp\/v2\/types\/page"}],"author":[{"embeddable":true,"href":"https:\/\/www.socialbusinessamontreal.com\/fr\/wp-json\/wp\/v2\/users\/1"}],"replies":[{"embeddable":true,"href":"https:\/\/www.socialbusinessamontreal.com\/fr\/wp-json\/wp\/v2\/comments?post=2"}],"version-history":[{"count":17,"href":"https:\/\/www.socialbusinessamontreal.com\/fr\/wp-json\/wp\/v2\/pages\/2\/revisions"}],"predecessor-version":[{"id":246,"href":"https:\/\/www.socialbusinessamontreal.com\/fr\/wp-json\/wp\/v2\/pages\/2\/revisions\/246"}],"wp:featuredmedia":[{"embeddable":true,"href":"https:\/\/www.socialbusinessamontreal.com\/fr\/wp-json\/wp\/v2\/media\/37"}],"wp:attachment":[{"href":"https:\/\/www.socialbusinessamontreal.com\/fr\/wp-json\/wp\/v2\/media?parent=2"}],"curies":[{"name":"wp","href":"https:\/\/api.w.org\/{rel}","templated":true}]}}